{"id":533,"date":"2023-01-19T09:17:37","date_gmt":"2023-01-19T08:17:37","guid":{"rendered":"https:\/\/b2marketplace.com\/contact\/"},"modified":"2023-03-08T23:23:12","modified_gmt":"2023-03-08T22:23:12","slug":"contacto","status":"publish","type":"page","link":"https:\/\/b2marketplace.com\/es\/contacto\/","title":{"rendered":"Contact"},"content":{"rendered":"<div class=\"lazyblock-b2-contact-form-Z205Rjf wp-block-lazyblock-b2-contact-form\"><div class=\"b2-contact section\">\r\n  <div class=\"container\">\r\n    <div class=\"b2-row\">\r\n      <p class=\"b2-contact-label b2-show-not\">Cont\u00e1ctanos<\/p>  \r\n      <p class=\"b2-contact-description b2-show-not\">Si est\u00e1s listo para llevar tus ventas al siguiente nivel, rellena tus datos a continuaci\u00f3n y \u00a1hablemos!<\/p>\r\n      <div class=\"b2-contact-wrap b2-show-not\">\r\n        \n<div class=\"wpcf7 no-js\" id=\"wpcf7-f624-o2\" lang=\"en-US\" dir=\"ltr\" data-wpcf7-id=\"624\">\n<div class=\"screen-reader-response\"><p role=\"status\" aria-live=\"polite\" aria-atomic=\"true\"><\/p> <ul><\/ul><\/div>\n<form action=\"\/es\/wp-json\/wp\/v2\/pages\/533#wpcf7-f624-o2\" method=\"post\" class=\"wpcf7-form init wpcf7-acceptance-as-validation\" aria-label=\"Contact form\" novalidate=\"novalidate\" data-status=\"init\">\n<fieldset class=\"hidden-fields-container\"><input type=\"hidden\" name=\"_wpcf7\" value=\"624\" \/><input type=\"hidden\" name=\"_wpcf7_version\" value=\"6.1.5\" \/><input type=\"hidden\" name=\"_wpcf7_locale\" value=\"en_US\" \/><input type=\"hidden\" name=\"_wpcf7_unit_tag\" value=\"wpcf7-f624-o2\" \/><input type=\"hidden\" name=\"_wpcf7_container_post\" value=\"0\" \/><input type=\"hidden\" name=\"_wpcf7_posted_data_hash\" value=\"\" \/><input type=\"hidden\" name=\"_wpcf7_recaptcha_response\" value=\"\" \/>\n<\/fieldset>\n<div class=\"b2-contact-text-wrap\">\n\t<p><span class=\"b2-contact-text\">Hola,<\/span>\n\t<\/p>\n<\/div>\n<div class=\"b2-contact-text-wrap\">\n\t<p><span class=\"b2-contact-text\">Me llamo <\/span><span class=\"nameHide\"><\/span><span class=\"wpcf7-form-control-wrap\" data-name=\"nombre\"><input size=\"40\" maxlength=\"400\" class=\"wpcf7-form-control wpcf7-text wpcf7-validates-as-required\" aria-required=\"true\" aria-invalid=\"false\" placeholder=\"nombre completo\" value=\"\" type=\"text\" name=\"nombre\" \/><\/span>, resido en <span class=\"wpcf7-form-control-wrap\" data-name=\"country\"><select class=\"wpcf7-form-control wpcf7-select wpcf7-validates-as-required\" aria-required=\"true\" aria-invalid=\"false\" name=\"country\"><option value=\"Espa\u00f1a\">Espa\u00f1a<\/option><option value=\"USA\">USA<\/option><option value=\"M\u00e9xico\">M\u00e9xico<\/option><option value=\"Guatemala\">Guatemala<\/option><option value=\"Honduras\">Honduras<\/option><option value=\"El Salvador\">El Salvador<\/option><option value=\"Nicaragua\">Nicaragua<\/option><option value=\"Costa Rica\">Costa Rica<\/option><option value=\"Panam\u00e1\">Panam\u00e1<\/option><option value=\"Colombia\">Colombia<\/option><option value=\"Venezuela\">Venezuela<\/option><option value=\"Ecuador\">Ecuador<\/option><option value=\"Per\u00fa\">Per\u00fa<\/option><option value=\"Bolivia\">Bolivia<\/option><option value=\"Paraguay\">Paraguay<\/option><option value=\"Chile\">Chile<\/option><option value=\"Uruguay\">Uruguay<\/option><option value=\"Argentina\">Argentina<\/option><option value=\"Italia\">Italia<\/option><\/select><\/span> y trabajo para <span class=\"companyHide\"><\/span><span class=\"wpcf7-form-control-wrap\" data-name=\"company\"><input size=\"40\" maxlength=\"400\" class=\"wpcf7-form-control wpcf7-text wpcf7-validates-as-required\" aria-required=\"true\" aria-invalid=\"false\" placeholder=\"empresa\" value=\"\" type=\"text\" name=\"company\" \/><\/span> donde soy <span class=\"positionHide\"><\/span><span class=\"wpcf7-form-control-wrap\" data-name=\"position\"><input size=\"40\" maxlength=\"400\" class=\"wpcf7-form-control wpcf7-text wpcf7-validates-as-required\" aria-required=\"true\" aria-invalid=\"false\" placeholder=\"cargo\" value=\"\" type=\"text\" name=\"position\" \/><\/span> .<span class=\"b2-contact-text\"> Me gustar\u00eda saber c\u00f3mo B2Marketplace puede ayudarme en mi negocio. Contacta conmigo a trav\u00e9s de mi <\/span><span class=\"emailHide\"><\/span><span class=\"wpcf7-form-control-wrap\" data-name=\"mail\"><input size=\"40\" maxlength=\"400\" class=\"wpcf7-form-control wpcf7-email wpcf7-validates-as-required wpcf7-text wpcf7-validates-as-email\" aria-required=\"true\" aria-invalid=\"false\" placeholder=\"email profesional\" value=\"\" type=\"email\" name=\"mail\" \/><\/span> o mi <span class=\"mobileHide\"><\/span><span class=\"wpcf7-form-control-wrap\" data-name=\"mobile\"><input size=\"40\" maxlength=\"400\" class=\"wpcf7-form-control wpcf7-text wpcf7-validates-as-required\" aria-required=\"true\" aria-invalid=\"false\" placeholder=\"m\u00f3vil\" value=\"\" type=\"text\" name=\"mobile\" \/><\/span>.\n\t<\/p>\n<\/div>\n<div class=\"b2-contact-text-wrap b2-contact-separator\">\n\t<p><span class=\"b2-contact-text\">\u00bfHay algo m\u00e1s que deber\u00edamos saber?<\/span>\n\t<\/p>\n\t<p><span class=\"wpcf7-form-control-wrap\" data-name=\"comments\"><textarea cols=\"40\" rows=\"1\" maxlength=\"2000\" class=\"wpcf7-form-control wpcf7-textarea wpcf7-validates-as-required\" aria-required=\"true\" aria-invalid=\"false\" placeholder=\"Deja tu comentario\" name=\"comments\"><\/textarea><\/span> .<br \/>\n\t<input class=\"wpcf7-form-control wpcf7-hidden\" value=\"b2marketplace_webform_ES_contacto\" type=\"hidden\" name=\"origen\" \/><br \/>\n\t<input class=\"wpcf7-form-control wpcf7-hidden\" value=\"es\" type=\"hidden\" name=\"idioma\" \/><br \/>\n\t<input class=\"wpcf7-form-control wpcf7-hidden\" value=\"b2marketplace\" type=\"hidden\" name=\"Web\" \/>\n\t<\/p>\n<\/div>\n<div class=\"b2-acceptance\">\n\t<p><span class=\"wpcf7-form-control-wrap\" data-name=\"acceptance-634\"><span class=\"wpcf7-form-control wpcf7-acceptance\"><span class=\"wpcf7-list-item\"><label><input type=\"checkbox\" name=\"acceptance-634\" value=\"1\" aria-invalid=\"false\" \/><span class=\"wpcf7-list-item-label\">Acepto la <a href=\"https:\/\/pmp.antevenio.com\/b2marketplace\/b2mp-politica-de-privacidad-es\" target=\"_blank\">Pol\u00edtica de Privacidad<\/a> y las <a href=\"https:\/\/pmp.antevenio.com\/b2marketplace\/b2mp-condiciones-de-uso-es\" target=\"_blank\">Condiciones de Uso<\/a>.<\/span><\/label><\/span><\/span><\/span>\n\t<\/p>\n<\/div>\n<p><input class=\"wpcf7-form-control wpcf7-submit has-spinner\" type=\"submit\" value=\"Contacta\" \/><br \/>\n<div class=\"wpcf7-response-output\" aria-hidden=\"true\"><\/div>\n<\/p>\n<\/form>\n<\/div>\n\r\n      <\/div>\r\n    <\/div>\r\n  <\/div>\r\n<\/div>\r\n\r\n<script>\r\n  jQuery(window).load(function () {\r\n    jQuery('.b2-contact').on('inview', function(event, isInView) {\r\n      if (isInView) {\r\n        setTimeout(function(){\r\n          setTimeout(function(){jQuery(\".b2-contact-label\").addClass(\"b2-show-up\");}, 100);\r\n          setTimeout(function(){jQuery(\".b2-contact-description\").addClass(\"b2-show-up\");}, 100);\r\n          setTimeout(function(){jQuery(\".b2-contact-wrap\").addClass(\"b2-show-up\");}, 200);\r\n\r\n        }, 200);\r\n        setTimeout(function(){\r\n          jQuery(\".b2-contact-label\").removeClass(\"b2-show-not\");\r\n          jQuery(\".b2-contact-description\").removeClass(\"b2-show-not\");\r\n          jQuery(\".b2-contact-wrap\").removeClass(\"b2-show-not\");\r\n        }, 1000);\r\n      } \r\n    });\r\n  });\r\n<\/script>\r\n\r\n<style>\r\n  .wpcf7 form.invalid .wpcf7-response-output,\r\n  .wpcf7 form.unaccepted .wpcf7-response-output,\r\n  .wpcf7 form.payment-required .wpcf7-response-output {\r\n    border-color: #FECE00;\r\n    font-size: 38px;\r\n  }\r\n  \r\n  .b2-dk-contact-form .wpcf7-response-output {\r\n    font-size: 38px;\r\n  }\r\n  \r\n  .b2-contact .wpcf7 form.invalid .wpcf7-response-output {\r\n    font-size: 20px;\r\n  }\r\n<\/style><\/div>\n\n<div class=\"lazyblock-b2-offices-PaagY wp-block-lazyblock-b2-offices\"><div class=\"b2-offices section\">\r\n  <div class=\"container\">\r\n    <div class=\"b2-heading b2-show-not\">\r\n      <p class=\"b2-offices-label\">D\u00f3nde estamos<\/p>\r\n      <h2 class=\"b2-offices-title\">Nuestras oficinas<\/h2>\r\n    <\/div>\r\n\r\n    <div class=\"b2-row\">\r\n      <div class=\"b2-offices-wrap\">\r\n        <div class=\"b2office-item b2-show-not\">\r\n          <img decoding=\"async\" class=\"b2-office-img\" src=\"\/wp-content\/uploads\/2023\/02\/location.svg\">\r\n          <h5 class=\"b2-office-title\">Madrid<\/h5>\r\n          <div class=\"b2-office-description\"><p>Calle Apolonio Morales 13, 28036 Madrid &#8211; Espa\u00f1a<\/p><\/div>\r\n        <\/div>\r\n        <div class=\"b2office-item b2-show-not\">\r\n          <img decoding=\"async\" class=\"b2-office-img\" src=\"\/wp-content\/uploads\/2023\/02\/location.svg\">\r\n          <h5 class=\"b2-office-title\">Barcelona<\/h5>\r\n          <div class=\"b2-office-description\"><p>Rambla de Catalunya 123, 08008 Barcelona &#8211; Espa\u00f1a<\/p><\/div>\r\n        <\/div>\r\n        <div class=\"b2office-item b2-show-not\">\r\n          <img decoding=\"async\" class=\"b2-office-img\" src=\"\/wp-content\/uploads\/2023\/02\/location.svg\">\r\n          <h5 class=\"b2-office-title\">Mil\u00e1n<\/h5>\r\n          <div class=\"b2-office-description\"><p>Via dei Piatti 11, 20123 Milano &#8211; Italia<\/p><\/div>\r\n        <\/div>\r\n        <div class=\"b2office-item b2-show-not\">\r\n          <img decoding=\"async\" class=\"b2-office-img\" src=\"\/wp-content\/uploads\/2023\/02\/location.svg\">\r\n          <h5 class=\"b2-office-title\">Ciudad de M\u00e9xico<\/h5>\r\n          <div class=\"b2-office-description\"><p>Calle Parral 41, Col. Condesa Delg. Cuauhtemoc, 06140 &#8211; M\u00e9xico<\/p><\/div>\r\n        <\/div>\r\n      <\/div>\r\n    <\/div>\r\n  <\/div>\r\n<\/div>\r\n\r\n<script>\r\n  jQuery(window).load(function () {\r\n    jQuery('.b2-offices').on('inview', function(event, isInView) {\r\n      if (isInView) {\r\n        setTimeout(function(){\r\n          setTimeout(function(){jQuery(\".b2-offices .b2-heading\").addClass(\"b2-show-up\");}, 100);\r\n          setTimeout(function(){jQuery(\".b2office-item:first-child\").addClass(\"b2-show-up\");}, 100);\r\n          setTimeout(function(){jQuery(\".b2office-item:nth-child(2)\").addClass(\"b2-show-up\");}, 200);\r\n          setTimeout(function(){jQuery(\".b2office-item:nth-child(3)\").addClass(\"b2-show-up\");}, 300);\r\n          setTimeout(function(){jQuery(\".b2office-item:nth-child(4)\").addClass(\"b2-show-up\");}, 250);\r\n\r\n        }, 200);\r\n        setTimeout(function(){\r\n          jQuery(\".b2-offices .b2-heading\").removeClass(\"b2-show-not\");\r\n          jQuery(\".b2office-item:first-child\").removeClass(\"b2-show-not\");\r\n          jQuery(\".b2office-item:nth-child(2)\").removeClass(\"b2-show-not\");\r\n          jQuery(\".b2office-item:nth-child(3)\").removeClass(\"b2-show-not\");\r\n          jQuery(\".b2office-item:nth-child(4)\").removeClass(\"b2-show-not\");\r\n        }, 1000);\r\n      } \r\n    });\r\n  });\r\n<\/script><\/div>\n\n<div class=\"lazyblock-b2-cta-banner-1kakdB wp-block-lazyblock-b2-cta-banner\">    \r\n<div class=\"b2-cta b2-blue-bg\">\r\n  <div class=\"container\">\r\n    <div class=\"b2-row\">\r\n      <div class=\"b2-cta-wrap\">\r\n        <div class=\"b2-cta-info\">\r\n          <p class=\"b2-cta-title b2-show-not\">\u00bfListo para llevar tus ventas al siguiente nivel?<\/p>\r\n          <p class=\"b2-cta-description b2-show-not\">Gestionamos y optimizamos tu tienda online, identificamos nuevas estrategias y aceleramos tu crecimiento.<\/p>\r\n          <a href=\"\/es\/contact\" class=\"b2-btn b2-btn-alt\"><span>Solicita una consulta gratuita<\/span><div class=\"b2-arrow-alt-wrap\"><img decoding=\"async\" src=\"\/wp-content\/uploads\/2023\/03\/b2-icon-only-arrow.svg\"><\/div><\/a>\r\n        <\/div>\r\n        <div class=\"b2-cta-img-wrap\">\r\n          <img decoding=\"async\" class=\"b2-cta-img\" src=\"\/wp-content\/uploads\/2023\/02\/b2-cta-img.svg\">\r\n        <\/div>\r\n      <\/div>\r\n    <\/div>\r\n  <\/div>\r\n<\/div>\r\n\r\n<script>\r\n  jQuery(window).load(function () {\r\n    jQuery('.b2-cta').on('inview', function(event, isInView) {\r\n      if (isInView) {\r\n        setTimeout(function(){\r\n        setTimeout(function(){jQuery(\".b2-cta-title\").addClass(\"b2-show-up\");}, 100);\r\n        setTimeout(function(){jQuery(\".b2-cta-description\").addClass(\"b2-show-up\");}, 200);\r\n        setTimeout(function(){\r\n          jQuery(\".b2-cta .b2-btn-reg\").addClass('b2-btn-reg-show');\r\n          jQuery(\".b2-cta .b2-btn-alt\").addClass('b2-btn-alt-show');\r\n        }, 300);\r\n        \r\n        }, 200);\r\n        setTimeout(function(){\r\n          jQuery(\".b2-cta-title\").removeClass(\"b2-show-not\");\r\n          jQuery(\".b2-cta-description\").removeClass(\"b2-show-not\");\r\n        }, 1000);\r\n      }\r\n    });\r\n  });\r\n<\/script><\/div>","protected":false},"excerpt":{"rendered":"","protected":false},"author":1,"featured_media":0,"parent":0,"menu_order":0,"comment_status":"closed","ping_status":"closed","template":"","meta":{"inline_featured_image":false,"footnotes":""},"class_list":["post-533","page","type-page","status-publish","hentry"],"yoast_head":"<!-- This site is optimized with the Yoast SEO plugin v27.1.1 - https:\/\/yoast.com\/product\/yoast-seo-wordpress\/ -->\n<title>Contacto | B2Marketplace<\/title>\n<meta name=\"description\" content=\"Si est\u00e1s listo para llevar tus ventas de tu eCommerce al siguiente nivel, rellena tus datos a continuaci\u00f3n y \u00a1hablemos!\" \/>\n<meta name=\"robots\" content=\"index, follow, max-snippet:-1, max-image-preview:large, max-video-preview:-1\" \/>\n<link rel=\"canonical\" href=\"https:\/\/b2marketplace.com\/es\/contacto\/\" \/>\n<meta property=\"og:locale\" content=\"es_ES\" \/>\n<meta property=\"og:type\" content=\"article\" \/>\n<meta property=\"og:title\" content=\"Contacto | B2Marketplace\" \/>\n<meta property=\"og:description\" content=\"Si est\u00e1s listo para llevar tus ventas de tu eCommerce al siguiente nivel, rellena tus datos a continuaci\u00f3n y \u00a1hablemos!\" \/>\n<meta property=\"og:url\" content=\"https:\/\/b2marketplace.com\/es\/contacto\/\" \/>\n<meta property=\"og:site_name\" content=\"B2marketplace\" \/>\n<meta property=\"article:modified_time\" content=\"2023-03-08T22:23:12+00:00\" \/>\n<meta name=\"twitter:card\" content=\"summary_large_image\" \/>\n<script type=\"application\/ld+json\" class=\"yoast-schema-graph\">{\"@context\":\"https:\/\/schema.org\",\"@graph\":[{\"@type\":\"WebPage\",\"@id\":\"https:\/\/b2marketplace.com\/es\/contacto\/\",\"url\":\"https:\/\/b2marketplace.com\/es\/contacto\/\",\"name\":\"Contacto | B2Marketplace\",\"isPartOf\":{\"@id\":\"https:\/\/b2marketplace.com\/es\/#website\"},\"datePublished\":\"2023-01-19T08:17:37+00:00\",\"dateModified\":\"2023-03-08T22:23:12+00:00\",\"description\":\"Si est\u00e1s listo para llevar tus ventas de tu eCommerce al siguiente nivel, rellena tus datos a continuaci\u00f3n y \u00a1hablemos!\",\"inLanguage\":\"es\",\"potentialAction\":[{\"@type\":\"ReadAction\",\"target\":[\"https:\/\/b2marketplace.com\/es\/contacto\/\"]}]},{\"@type\":\"WebSite\",\"@id\":\"https:\/\/b2marketplace.com\/es\/#website\",\"url\":\"https:\/\/b2marketplace.com\/es\/\",\"name\":\"B2marketplace\",\"description\":\"Unlock the full potential of your marketplace\",\"publisher\":{\"@id\":\"https:\/\/b2marketplace.com\/es\/#organization\"},\"potentialAction\":[{\"@type\":\"SearchAction\",\"target\":{\"@type\":\"EntryPoint\",\"urlTemplate\":\"https:\/\/b2marketplace.com\/es\/?s={search_term_string}\"},\"query-input\":{\"@type\":\"PropertyValueSpecification\",\"valueRequired\":true,\"valueName\":\"search_term_string\"}}],\"inLanguage\":\"es\"},{\"@type\":\"Organization\",\"@id\":\"https:\/\/b2marketplace.com\/es\/#organization\",\"name\":\"B2MarketPlace\",\"url\":\"https:\/\/b2marketplace.com\/es\/\",\"logo\":{\"@type\":\"ImageObject\",\"inLanguage\":\"es\",\"@id\":\"https:\/\/b2marketplace.com\/es\/#\/schema\/logo\/image\/\",\"url\":\"https:\/\/b2marketplace.com\/wp-content\/uploads\/2023\/02\/b2-fav.png\",\"contentUrl\":\"https:\/\/b2marketplace.com\/wp-content\/uploads\/2023\/02\/b2-fav.png\",\"width\":300,\"height\":300,\"caption\":\"B2MarketPlace\"},\"image\":{\"@id\":\"https:\/\/b2marketplace.com\/es\/#\/schema\/logo\/image\/\"}}]}<\/script>\n<!-- \/ Yoast SEO plugin. -->","yoast_head_json":{"title":"Contacto | B2Marketplace","description":"Si est\u00e1s listo para llevar tus ventas de tu eCommerce al siguiente nivel, rellena tus datos a continuaci\u00f3n y \u00a1hablemos!","robots":{"index":"index","follow":"follow","max-snippet":"max-snippet:-1","max-image-preview":"max-image-preview:large","max-video-preview":"max-video-preview:-1"},"canonical":"https:\/\/b2marketplace.com\/es\/contacto\/","og_locale":"es_ES","og_type":"article","og_title":"Contacto | B2Marketplace","og_description":"Si est\u00e1s listo para llevar tus ventas de tu eCommerce al siguiente nivel, rellena tus datos a continuaci\u00f3n y \u00a1hablemos!","og_url":"https:\/\/b2marketplace.com\/es\/contacto\/","og_site_name":"B2marketplace","article_modified_time":"2023-03-08T22:23:12+00:00","twitter_card":"summary_large_image","schema":{"@context":"https:\/\/schema.org","@graph":[{"@type":"WebPage","@id":"https:\/\/b2marketplace.com\/es\/contacto\/","url":"https:\/\/b2marketplace.com\/es\/contacto\/","name":"Contacto | B2Marketplace","isPartOf":{"@id":"https:\/\/b2marketplace.com\/es\/#website"},"datePublished":"2023-01-19T08:17:37+00:00","dateModified":"2023-03-08T22:23:12+00:00","description":"Si est\u00e1s listo para llevar tus ventas de tu eCommerce al siguiente nivel, rellena tus datos a continuaci\u00f3n y \u00a1hablemos!","inLanguage":"es","potentialAction":[{"@type":"ReadAction","target":["https:\/\/b2marketplace.com\/es\/contacto\/"]}]},{"@type":"WebSite","@id":"https:\/\/b2marketplace.com\/es\/#website","url":"https:\/\/b2marketplace.com\/es\/","name":"B2marketplace","description":"Unlock the full potential of your marketplace","publisher":{"@id":"https:\/\/b2marketplace.com\/es\/#organization"},"potentialAction":[{"@type":"SearchAction","target":{"@type":"EntryPoint","urlTemplate":"https:\/\/b2marketplace.com\/es\/?s={search_term_string}"},"query-input":{"@type":"PropertyValueSpecification","valueRequired":true,"valueName":"search_term_string"}}],"inLanguage":"es"},{"@type":"Organization","@id":"https:\/\/b2marketplace.com\/es\/#organization","name":"B2MarketPlace","url":"https:\/\/b2marketplace.com\/es\/","logo":{"@type":"ImageObject","inLanguage":"es","@id":"https:\/\/b2marketplace.com\/es\/#\/schema\/logo\/image\/","url":"https:\/\/b2marketplace.com\/wp-content\/uploads\/2023\/02\/b2-fav.png","contentUrl":"https:\/\/b2marketplace.com\/wp-content\/uploads\/2023\/02\/b2-fav.png","width":300,"height":300,"caption":"B2MarketPlace"},"image":{"@id":"https:\/\/b2marketplace.com\/es\/#\/schema\/logo\/image\/"}}]}},"_links":{"self":[{"href":"https:\/\/b2marketplace.com\/es\/wp-json\/wp\/v2\/pages\/533","targetHints":{"allow":["GET"]}}],"collection":[{"href":"https:\/\/b2marketplace.com\/es\/wp-json\/wp\/v2\/pages"}],"about":[{"href":"https:\/\/b2marketplace.com\/es\/wp-json\/wp\/v2\/types\/page"}],"author":[{"embeddable":true,"href":"https:\/\/b2marketplace.com\/es\/wp-json\/wp\/v2\/users\/1"}],"replies":[{"embeddable":true,"href":"https:\/\/b2marketplace.com\/es\/wp-json\/wp\/v2\/comments?post=533"}],"version-history":[{"count":5,"href":"https:\/\/b2marketplace.com\/es\/wp-json\/wp\/v2\/pages\/533\/revisions"}],"predecessor-version":[{"id":1511,"href":"https:\/\/b2marketplace.com\/es\/wp-json\/wp\/v2\/pages\/533\/revisions\/1511"}],"wp:attachment":[{"href":"https:\/\/b2marketplace.com\/es\/wp-json\/wp\/v2\/media?parent=533"}],"curies":[{"name":"wp","href":"https:\/\/api.w.org\/{rel}","templated":true}]}}