{"id":3670,"date":"2024-07-31T13:58:09","date_gmt":"2024-07-31T12:58:09","guid":{"rendered":"https:\/\/b2marketplace.com\/proyecto-subvencion-de-red-es\/"},"modified":"2024-07-31T20:15:13","modified_gmt":"2024-07-31T19:15:13","slug":"proyecto-subvencion-de-red-es","status":"publish","type":"page","link":"https:\/\/b2marketplace.com\/it\/proyecto-subvencion-de-red-es\/","title":{"rendered":""},"content":{"rendered":"\n<p class=\"has-b-2-green-background-color has-background\"><br><br><\/p>\n\n\n\n<div style=\"height:44px\" aria-hidden=\"true\" class=\"wp-block-spacer\"><\/div>\n\n\n\n<figure class=\"wp-block-image aligncenter size-full is-resized\"><img loading=\"lazy\" decoding=\"async\" src=\"https:\/\/b2marketplace.com\/wp-content\/uploads\/2024\/07\/Footer_badges_B2Marketplace-1.png\" alt=\"\" class=\"wp-image-3637\" width=\"1240\" height=\"100\" srcset=\"https:\/\/b2marketplace.com\/wp-content\/uploads\/2024\/07\/Footer_badges_B2Marketplace-1.png 1957w, https:\/\/b2marketplace.com\/wp-content\/uploads\/2024\/07\/Footer_badges_B2Marketplace-1-600x48.png 600w, https:\/\/b2marketplace.com\/wp-content\/uploads\/2024\/07\/Footer_badges_B2Marketplace-1-768x62.png 768w, https:\/\/b2marketplace.com\/wp-content\/uploads\/2024\/07\/Footer_badges_B2Marketplace-1-1536x124.png 1536w\" sizes=\"auto, (max-width: 1240px) 100vw, 1240px\" \/><\/figure>\n\n\n\n<p class=\"has-text-align-center\" style=\"padding-top:0;padding-right:var(--wp--preset--spacing--70);padding-bottom:0;padding-left:var(--wp--preset--spacing--70)\"><br>El proyecto con n\u00famero de expediente 2021\/C005\/00152950 y t\u00edtulo \u201cMotor algor\u00edtmico para posicionamiento en marketplaces\u201d, ha sido beneficiario en la \u201cConvocatoria de ayudas 2021 destinadas a Proyectos de Investigaci\u00f3n y Desarrollo en Inteligencia Artificial y su integraci\u00f3n en las cadenas de valor, C005\/21- ED\u201d.<br><br>El objetivo principal del proyecto consiste en el desarrollo una plataforma competitiva para que las empresas puedan competir y vender de forma optimizada en los grandes marketplaces. Bajo esta premisa, B2MarketPlace soluciona el problema mediante un software de competici\u00f3n inteligente de desarrollo propio que, mediante mecanismos de inteligencia artificial basada en machine learning permite que el sistema aprenda para crear sistemas m\u00e1s eficientes de pujas y posicionamiento de los art\u00edculos. Esto se realiza mediante la sincronizaci\u00f3n autom\u00e1tica de los datos del marketplace en cuesti\u00f3n, y una capa de algoritmia que interpreta la informaci\u00f3n y optimiza el desempe\u00f1o del \u201cvendor\u201d. Concretamente, en este proyecto la empresa centra su esfuerzo en los siguientes paquetes de trabajo: <br><br>PT 1: Gesti\u00f3n del proyecto<br><br>PT 2: Desarrollo de mecanismos inteligentes de ADS<br><br>PT 3: Desarrollo de funcionalidades inteligentes de cat\u00e1logo<br><br>PT 4: Desarrollo de funcionalidades inteligentes de estrategia<br><br>PT 5: Desarrollo de funcionalidades inteligentes de reporting.<\/p>\n\n\n\n<div style=\"height:100px\" aria-hidden=\"true\" class=\"wp-block-spacer\"><\/div>\n","protected":false},"excerpt":{"rendered":"<p>El proyecto con n\u00famero de expediente 2021\/C005\/00152950 y t\u00edtulo \u201cMotor algor\u00edtmico para posicionamiento en marketplaces\u201d, ha sido beneficiario en la \u201cConvocatoria de ayudas 2021 destinadas [&hellip;]<\/p>\n","protected":false},"author":12,"featured_media":0,"parent":0,"menu_order":0,"comment_status":"closed","ping_status":"closed","template":"","meta":{"inline_featured_image":false,"footnotes":""},"class_list":["post-3670","page","type-page","status-publish","hentry"],"yoast_head":"<!-- This site is optimized with the Yoast SEO plugin v27.1.1 - https:\/\/yoast.com\/product\/yoast-seo-wordpress\/ -->\n<title>Proyecto de subvenci\u00f3n de Red.es<\/title>\n<meta name=\"robots\" content=\"index, follow, max-snippet:-1, max-image-preview:large, max-video-preview:-1\" \/>\n<link rel=\"canonical\" href=\"https:\/\/b2marketplace.com\/it\/proyecto-subvencion-de-red-es\/\" \/>\n<meta property=\"og:locale\" content=\"it_IT\" \/>\n<meta property=\"og:type\" content=\"article\" \/>\n<meta property=\"og:title\" content=\"Proyecto de subvenci\u00f3n de Red.es\" \/>\n<meta property=\"og:description\" content=\"El proyecto con n\u00famero de expediente 2021\/C005\/00152950 y t\u00edtulo \u201cMotor algor\u00edtmico para posicionamiento en marketplaces\u201d, ha sido beneficiario en la \u201cConvocatoria de ayudas 2021 destinadas [&hellip;]\" \/>\n<meta property=\"og:url\" content=\"https:\/\/b2marketplace.com\/it\/proyecto-subvencion-de-red-es\/\" \/>\n<meta property=\"og:site_name\" content=\"B2marketplace\" \/>\n<meta property=\"article:modified_time\" content=\"2024-07-31T19:15:13+00:00\" \/>\n<meta property=\"og:image\" content=\"https:\/\/b2marketplace.com\/wp-content\/uploads\/2024\/07\/Footer_badges_B2Marketplace-1.png\" \/>\n<meta name=\"twitter:card\" content=\"summary_large_image\" \/>\n<script type=\"application\/ld+json\" class=\"yoast-schema-graph\">{\"@context\":\"https:\/\/schema.org\",\"@graph\":[{\"@type\":\"WebPage\",\"@id\":\"https:\/\/b2marketplace.com\/it\/proyecto-subvencion-de-red-es\/\",\"url\":\"https:\/\/b2marketplace.com\/it\/proyecto-subvencion-de-red-es\/\",\"name\":\"Proyecto de subvenci\u00f3n de Red.es\",\"isPartOf\":{\"@id\":\"https:\/\/b2marketplace.com\/es\/#website\"},\"primaryImageOfPage\":{\"@id\":\"https:\/\/b2marketplace.com\/it\/proyecto-subvencion-de-red-es\/#primaryimage\"},\"image\":{\"@id\":\"https:\/\/b2marketplace.com\/it\/proyecto-subvencion-de-red-es\/#primaryimage\"},\"thumbnailUrl\":\"https:\/\/b2marketplace.com\/wp-content\/uploads\/2024\/07\/Footer_badges_B2Marketplace-1.png\",\"datePublished\":\"2024-07-31T12:58:09+00:00\",\"dateModified\":\"2024-07-31T19:15:13+00:00\",\"breadcrumb\":{\"@id\":\"https:\/\/b2marketplace.com\/it\/proyecto-subvencion-de-red-es\/#breadcrumb\"},\"inLanguage\":\"it-IT\",\"potentialAction\":[{\"@type\":\"ReadAction\",\"target\":[\"https:\/\/b2marketplace.com\/it\/proyecto-subvencion-de-red-es\/\"]}]},{\"@type\":\"ImageObject\",\"inLanguage\":\"it-IT\",\"@id\":\"https:\/\/b2marketplace.com\/it\/proyecto-subvencion-de-red-es\/#primaryimage\",\"url\":\"https:\/\/b2marketplace.com\/wp-content\/uploads\/2024\/07\/Footer_badges_B2Marketplace-1.png\",\"contentUrl\":\"https:\/\/b2marketplace.com\/wp-content\/uploads\/2024\/07\/Footer_badges_B2Marketplace-1.png\"},{\"@type\":\"WebSite\",\"@id\":\"https:\/\/b2marketplace.com\/es\/#website\",\"url\":\"https:\/\/b2marketplace.com\/es\/\",\"name\":\"B2marketplace\",\"description\":\"Unlock the full potential of your marketplace\",\"publisher\":{\"@id\":\"https:\/\/b2marketplace.com\/es\/#organization\"},\"potentialAction\":[{\"@type\":\"SearchAction\",\"target\":{\"@type\":\"EntryPoint\",\"urlTemplate\":\"https:\/\/b2marketplace.com\/es\/?s={search_term_string}\"},\"query-input\":{\"@type\":\"PropertyValueSpecification\",\"valueRequired\":true,\"valueName\":\"search_term_string\"}}],\"inLanguage\":\"it-IT\"},{\"@type\":\"Organization\",\"@id\":\"https:\/\/b2marketplace.com\/es\/#organization\",\"name\":\"B2MarketPlace\",\"url\":\"https:\/\/b2marketplace.com\/es\/\",\"logo\":{\"@type\":\"ImageObject\",\"inLanguage\":\"it-IT\",\"@id\":\"https:\/\/b2marketplace.com\/es\/#\/schema\/logo\/image\/\",\"url\":\"https:\/\/b2marketplace.com\/wp-content\/uploads\/2023\/02\/b2-fav.png\",\"contentUrl\":\"https:\/\/b2marketplace.com\/wp-content\/uploads\/2023\/02\/b2-fav.png\",\"width\":300,\"height\":300,\"caption\":\"B2MarketPlace\"},\"image\":{\"@id\":\"https:\/\/b2marketplace.com\/es\/#\/schema\/logo\/image\/\"}}]}<\/script>\n<!-- \/ Yoast SEO plugin. -->","yoast_head_json":{"title":"Proyecto de subvenci\u00f3n de Red.es","robots":{"index":"index","follow":"follow","max-snippet":"max-snippet:-1","max-image-preview":"max-image-preview:large","max-video-preview":"max-video-preview:-1"},"canonical":"https:\/\/b2marketplace.com\/it\/proyecto-subvencion-de-red-es\/","og_locale":"it_IT","og_type":"article","og_title":"Proyecto de subvenci\u00f3n de Red.es","og_description":"El proyecto con n\u00famero de expediente 2021\/C005\/00152950 y t\u00edtulo \u201cMotor algor\u00edtmico para posicionamiento en marketplaces\u201d, ha sido beneficiario en la \u201cConvocatoria de ayudas 2021 destinadas [&hellip;]","og_url":"https:\/\/b2marketplace.com\/it\/proyecto-subvencion-de-red-es\/","og_site_name":"B2marketplace","article_modified_time":"2024-07-31T19:15:13+00:00","og_image":[{"url":"https:\/\/b2marketplace.com\/wp-content\/uploads\/2024\/07\/Footer_badges_B2Marketplace-1.png","type":"","width":"","height":""}],"twitter_card":"summary_large_image","schema":{"@context":"https:\/\/schema.org","@graph":[{"@type":"WebPage","@id":"https:\/\/b2marketplace.com\/it\/proyecto-subvencion-de-red-es\/","url":"https:\/\/b2marketplace.com\/it\/proyecto-subvencion-de-red-es\/","name":"Proyecto de subvenci\u00f3n de Red.es","isPartOf":{"@id":"https:\/\/b2marketplace.com\/es\/#website"},"primaryImageOfPage":{"@id":"https:\/\/b2marketplace.com\/it\/proyecto-subvencion-de-red-es\/#primaryimage"},"image":{"@id":"https:\/\/b2marketplace.com\/it\/proyecto-subvencion-de-red-es\/#primaryimage"},"thumbnailUrl":"https:\/\/b2marketplace.com\/wp-content\/uploads\/2024\/07\/Footer_badges_B2Marketplace-1.png","datePublished":"2024-07-31T12:58:09+00:00","dateModified":"2024-07-31T19:15:13+00:00","breadcrumb":{"@id":"https:\/\/b2marketplace.com\/it\/proyecto-subvencion-de-red-es\/#breadcrumb"},"inLanguage":"it-IT","potentialAction":[{"@type":"ReadAction","target":["https:\/\/b2marketplace.com\/it\/proyecto-subvencion-de-red-es\/"]}]},{"@type":"ImageObject","inLanguage":"it-IT","@id":"https:\/\/b2marketplace.com\/it\/proyecto-subvencion-de-red-es\/#primaryimage","url":"https:\/\/b2marketplace.com\/wp-content\/uploads\/2024\/07\/Footer_badges_B2Marketplace-1.png","contentUrl":"https:\/\/b2marketplace.com\/wp-content\/uploads\/2024\/07\/Footer_badges_B2Marketplace-1.png"},{"@type":"WebSite","@id":"https:\/\/b2marketplace.com\/es\/#website","url":"https:\/\/b2marketplace.com\/es\/","name":"B2marketplace","description":"Unlock the full potential of your marketplace","publisher":{"@id":"https:\/\/b2marketplace.com\/es\/#organization"},"potentialAction":[{"@type":"SearchAction","target":{"@type":"EntryPoint","urlTemplate":"https:\/\/b2marketplace.com\/es\/?s={search_term_string}"},"query-input":{"@type":"PropertyValueSpecification","valueRequired":true,"valueName":"search_term_string"}}],"inLanguage":"it-IT"},{"@type":"Organization","@id":"https:\/\/b2marketplace.com\/es\/#organization","name":"B2MarketPlace","url":"https:\/\/b2marketplace.com\/es\/","logo":{"@type":"ImageObject","inLanguage":"it-IT","@id":"https:\/\/b2marketplace.com\/es\/#\/schema\/logo\/image\/","url":"https:\/\/b2marketplace.com\/wp-content\/uploads\/2023\/02\/b2-fav.png","contentUrl":"https:\/\/b2marketplace.com\/wp-content\/uploads\/2023\/02\/b2-fav.png","width":300,"height":300,"caption":"B2MarketPlace"},"image":{"@id":"https:\/\/b2marketplace.com\/es\/#\/schema\/logo\/image\/"}}]}},"_links":{"self":[{"href":"https:\/\/b2marketplace.com\/it\/wp-json\/wp\/v2\/pages\/3670","targetHints":{"allow":["GET"]}}],"collection":[{"href":"https:\/\/b2marketplace.com\/it\/wp-json\/wp\/v2\/pages"}],"about":[{"href":"https:\/\/b2marketplace.com\/it\/wp-json\/wp\/v2\/types\/page"}],"author":[{"embeddable":true,"href":"https:\/\/b2marketplace.com\/it\/wp-json\/wp\/v2\/users\/12"}],"replies":[{"embeddable":true,"href":"https:\/\/b2marketplace.com\/it\/wp-json\/wp\/v2\/comments?post=3670"}],"version-history":[{"count":1,"href":"https:\/\/b2marketplace.com\/it\/wp-json\/wp\/v2\/pages\/3670\/revisions"}],"predecessor-version":[{"id":3676,"href":"https:\/\/b2marketplace.com\/it\/wp-json\/wp\/v2\/pages\/3670\/revisions\/3676"}],"wp:attachment":[{"href":"https:\/\/b2marketplace.com\/it\/wp-json\/wp\/v2\/media?parent=3670"}],"curies":[{"name":"wp","href":"https:\/\/api.w.org\/{rel}","templated":true}]}}